{"id":130,"date":"2024-08-20T15:13:32","date_gmt":"2024-08-20T15:13:32","guid":{"rendered":"https:\/\/tbsj.ca\/?page_id=130"},"modified":"2024-09-03T11:04:26","modified_gmt":"2024-09-03T11:04:26","slug":"book-taxi","status":"publish","type":"page","link":"https:\/\/tbsj.ca\/en\/book-taxi\/","title":{"rendered":"Book Taxi"},"content":{"rendered":"<div data-elementor-type=\"wp-page\" data-elementor-id=\"130\" class=\"elementor elementor-130\" data-elementor-settings=\"{&quot;ha_cmc_init_switcher&quot;:&quot;no&quot;}\" data-elementor-post-type=\"page\">\n\t\t\t\t\t\t<section class=\"elementor-section elementor-top-section elementor-element elementor-element-d1ef865 elementor-section-height-min-height elementor-section-content-top elementor-section-boxed elementor-section-height-default elementor-section-items-middle\" data-id=\"d1ef865\" data-element_type=\"section\" data-settings=\"{&quot;background_background&quot;:&quot;classic&quot;,&quot;_ha_eqh_enable&quot;:false}\">\n\t\t\t\t\t\t<div class=\"elementor-container elementor-column-gap-default\">\n\t\t\t\t\t<div class=\"elementor-column elementor-col-100 elementor-top-column elementor-element elementor-element-e75d7c5\" data-id=\"e75d7c5\" data-element_type=\"column\">\n\t\t\t<div class=\"elementor-widget-wrap elementor-element-populated\">\n\t\t\t\t\t\t<div class=\"elementor-element elementor-element-6704f2c elementor-widget elementor-widget-heading\" data-id=\"6704f2c\" data-element_type=\"widget\" data-widget_type=\"heading.default\">\n\t\t\t\t<div class=\"elementor-widget-container\">\n\t\t\t\t\t<h2 class=\"elementor-heading-title elementor-size-default\">r\u00e9server un taxi<\/h2>\t\t\t\t<\/div>\n\t\t\t\t<\/div>\n\t\t\t\t\t<\/div>\n\t\t<\/div>\n\t\t\t\t\t<\/div>\n\t\t<\/section>\n\t\t<div class=\"elementor-element elementor-element-6a06e62 e-flex e-con-boxed e-con e-parent\" data-id=\"6a06e62\" data-element_type=\"container\" data-settings=\"{&quot;background_background&quot;:&quot;classic&quot;,&quot;_ha_eqh_enable&quot;:false}\">\n\t\t\t\t\t<div class=\"e-con-inner\">\n\t\t\t\t<div class=\"elementor-element elementor-element-dd51b49 elementor-widget elementor-widget-heading\" data-id=\"dd51b49\" data-element_type=\"widget\" data-widget_type=\"heading.default\">\n\t\t\t\t<div class=\"elementor-widget-container\">\n\t\t\t\t\t<h2 class=\"elementor-heading-title elementor-size-default\">R\u00e9server un taxi<\/h2>\t\t\t\t<\/div>\n\t\t\t\t<\/div>\n\t\t\t\t<div class=\"elementor-element elementor-element-2563217 elementor-widget elementor-widget-heading\" data-id=\"2563217\" data-element_type=\"widget\" data-widget_type=\"heading.default\">\n\t\t\t\t<div class=\"elementor-widget-container\">\n\t\t\t\t\t<h2 class=\"elementor-heading-title elementor-size-default\">la r\u00e9servation doit \u00eatre de 50$ minimum<\/h2>\t\t\t\t<\/div>\n\t\t\t\t<\/div>\n\t\t\t\t\t<\/div>\n\t\t\t\t<\/div>\n\t\t<div class=\"elementor-element elementor-element-a971929 e-flex e-con-boxed e-con e-parent\" data-id=\"a971929\" data-element_type=\"container\" data-settings=\"{&quot;background_background&quot;:&quot;classic&quot;,&quot;_ha_eqh_enable&quot;:false}\">\n\t\t\t\t\t<div class=\"e-con-inner\">\n\t\t\t\t\t<\/div>\n\t\t\t\t<\/div>\n\t\t<div class=\"elementor-element elementor-element-25f0729 e-flex e-con-boxed e-con e-parent\" data-id=\"25f0729\" data-element_type=\"container\" data-settings=\"{&quot;_ha_eqh_enable&quot;:false}\">\n\t\t\t\t\t<div class=\"e-con-inner\">\n\t\t\t\t<div class=\"elementor-element elementor-element-89d56f5 elementor-widget elementor-widget-heading\" data-id=\"89d56f5\" data-element_type=\"widget\" data-widget_type=\"heading.default\">\n\t\t\t\t<div class=\"elementor-widget-container\">\n\t\t\t\t\t<h2 class=\"elementor-heading-title elementor-size-default\">toutes les informations sont confidentielles et ne seront r\u00e9v\u00e9l\u00e9es \u00e0 personne<\/h2>\t\t\t\t<\/div>\n\t\t\t\t<\/div>\n\t\t\t\t<div class=\"elementor-element elementor-element-b3d9925 elementor-widget elementor-widget-spacer\" data-id=\"b3d9925\" data-element_type=\"widget\" data-widget_type=\"spacer.default\">\n\t\t\t\t<div class=\"elementor-widget-container\">\n\t\t\t\t\t\t\t<div class=\"elementor-spacer\">\n\t\t\t<div class=\"elementor-spacer-inner\"><\/div>\n\t\t<\/div>\n\t\t\t\t\t\t<\/div>\n\t\t\t\t<\/div>\n\t\t\t\t\t<\/div>\n\t\t\t\t<\/div>\n\t\t<div class=\"elementor-element elementor-element-ddc9068 e-flex e-con-boxed e-con e-parent\" data-id=\"ddc9068\" data-element_type=\"container\" data-settings=\"{&quot;background_background&quot;:&quot;classic&quot;,&quot;_ha_eqh_enable&quot;:false}\">\n\t\t\t\t\t<div class=\"e-con-inner\">\n\t\t\t\t<div class=\"elementor-element elementor-element-5c5f89d elementor-align-center elementor-icon-list--layout-traditional elementor-list-item-link-full_width elementor-widget elementor-widget-icon-list\" data-id=\"5c5f89d\" data-element_type=\"widget\" data-widget_type=\"icon-list.default\">\n\t\t\t\t<div class=\"elementor-widget-container\">\n\t\t\t\t\t\t\t<ul class=\"elementor-icon-list-items\">\n\t\t\t\t\t\t\t<li class=\"elementor-icon-list-item\">\n\t\t\t\t\t\t\t\t\t\t\t<span class=\"elementor-icon-list-icon\">\n\t\t\t\t\t\t\t<i aria-hidden=\"true\" class=\"icon icon-phone-handset\"><\/i>\t\t\t\t\t\t<\/span>\n\t\t\t\t\t\t\t\t\t\t<span class=\"elementor-icon-list-text\">+1 (514) 565-1126<\/span>\n\t\t\t\t\t\t\t\t\t<\/li>\n\t\t\t\t\t\t<\/ul>\n\t\t\t\t\t\t<\/div>\n\t\t\t\t<\/div>\n\t\t\t\t\t<\/div>\n\t\t\t\t<\/div>\n\t\t<div class=\"elementor-element elementor-element-7586ad7 e-flex e-con-boxed e-con e-parent\" data-id=\"7586ad7\" data-element_type=\"container\" data-settings=\"{&quot;_ha_eqh_enable&quot;:false}\">\n\t\t\t\t\t<div class=\"e-con-inner\">\n\t\t\t\t<div class=\"elementor-element elementor-element-4b5d1d2 elementor-widget elementor-widget-spacer\" data-id=\"4b5d1d2\" data-element_type=\"widget\" data-widget_type=\"spacer.default\">\n\t\t\t\t<div class=\"elementor-widget-container\">\n\t\t\t\t\t\t\t<div class=\"elementor-spacer\">\n\t\t\t<div class=\"elementor-spacer-inner\"><\/div>\n\t\t<\/div>\n\t\t\t\t\t\t<\/div>\n\t\t\t\t<\/div>\n\t\t\t\t\t<\/div>\n\t\t\t\t<\/div>\n\t\t\t\t<section class=\"elementor-section elementor-top-section elementor-element elementor-element-0785911 elementor-section-boxed elementor-section-height-default elementor-section-height-default\" data-id=\"0785911\" data-element_type=\"section\" data-settings=\"{&quot;_ha_eqh_enable&quot;:false}\">\n\t\t\t\t\t\t<div class=\"elementor-container elementor-column-gap-default\">\n\t\t\t\t\t<div class=\"elementor-column elementor-col-100 elementor-top-column elementor-element elementor-element-89477b7\" data-id=\"89477b7\" data-element_type=\"column\">\n\t\t\t<div class=\"elementor-widget-wrap elementor-element-populated\">\n\t\t\t\t\t\t<div class=\"elementor-element elementor-element-13db8d3 elementor-widget__width-initial elementor-widget elementor-widget-heading\" data-id=\"13db8d3\" data-element_type=\"widget\" data-widget_type=\"heading.default\">\n\t\t\t\t<div class=\"elementor-widget-container\">\n\t\t\t\t\t<h2 class=\"elementor-heading-title elementor-size-default\">SERVICE AREAS<\/h2>\t\t\t\t<\/div>\n\t\t\t\t<\/div>\n\t\t\t\t<div class=\"elementor-element elementor-element-fb3e4cc elementor-widget elementor-widget-spacer\" data-id=\"fb3e4cc\" data-element_type=\"widget\" data-widget_type=\"spacer.default\">\n\t\t\t\t<div class=\"elementor-widget-container\">\n\t\t\t\t\t\t\t<div class=\"elementor-spacer\">\n\t\t\t<div class=\"elementor-spacer-inner\"><\/div>\n\t\t<\/div>\n\t\t\t\t\t\t<\/div>\n\t\t\t\t<\/div>\n\t\t\t\t<div class=\"elementor-element elementor-element-bbb246a elementor-widget__width-initial elementor-widget elementor-widget-heading\" data-id=\"bbb246a\" data-element_type=\"widget\" data-widget_type=\"heading.default\">\n\t\t\t\t<div class=\"elementor-widget-container\">\n\t\t\t\t\t<h2 class=\"elementor-heading-title elementor-size-default\">DISCOVER THE BEST TAXI SERVICE IN QUEBEC AND THE SURROUNDING AREAS!<\/h2>\t\t\t\t<\/div>\n\t\t\t\t<\/div>\n\t\t\t\t<div class=\"elementor-element elementor-element-e74f254 elementor-widget elementor-widget-spacer\" data-id=\"e74f254\" data-element_type=\"widget\" data-widget_type=\"spacer.default\">\n\t\t\t\t<div class=\"elementor-widget-container\">\n\t\t\t\t\t\t\t<div class=\"elementor-spacer\">\n\t\t\t<div class=\"elementor-spacer-inner\"><\/div>\n\t\t<\/div>\n\t\t\t\t\t\t<\/div>\n\t\t\t\t<\/div>\n\t\t\t\t<div class=\"elementor-element elementor-element-3c1bfec elementor-widget__width-initial elementor-widget elementor-widget-text-editor\" data-id=\"3c1bfec\" data-element_type=\"widget\" data-widget_type=\"text-editor.default\">\n\t\t\t\t<div class=\"elementor-widget-container\">\n\t\t\t\t\t\t\t\t\t<p>pr\u00e9vot saint Sauveur Sainte Ad\u00e8le Mirabel Sainte Sophie Saint Hyppolite Saint Colomban Saint lin Laurentides Terrebonne Lachute Blainville Saint Calixte Sainte Anne des Plaines Sainte des lacs Milles-Isles Piedmont Val-David Val-morin Laval Saint-jacques Saint-Eustache Sainte-marguerite<\/p>\t\t\t\t\t\t\t\t<\/div>\n\t\t\t\t<\/div>\n\t\t\t\t\t<\/div>\n\t\t<\/div>\n\t\t\t\t\t<\/div>\n\t\t<\/section>\n\t\t\t\t<\/div>","protected":false},"excerpt":{"rendered":"<p>r\u00e9server un taxi R\u00e9server un taxi la r\u00e9servation doit \u00eatre de 50$ minimum toutes les informations sont confidentielles et ne seront r\u00e9v\u00e9l\u00e9es \u00e0 personne +1 (514) 565-1126 ZONES DE SERVICE D\u00c9COUVREZ LE MEILLEUR SERVICE DE TAXI \u00c0 QU\u00c9BEC ET AUX ENVIRONS ! pr\u00e9vot saint Sauveur Sainte Ad\u00e8le Mirabel Sainte Sophie Saint Hyppolite Saint Colomban Saint [&hellip;]<\/p>","protected":false},"author":1,"featured_media":0,"parent":0,"menu_order":0,"comment_status":"closed","ping_status":"closed","template":"","meta":{"footnotes":""},"class_list":["post-130","page","type-page","status-publish","hentry"],"blocksy_meta":[],"yoast_head":"<!-- This site is optimized with the Yoast SEO plugin v25.8 - https:\/\/yoast.com\/wordpress\/plugins\/seo\/ -->\n<title>Book Taxi - tbsj.ca<\/title>\n<meta name=\"robots\" content=\"index, follow, max-snippet:-1, max-image-preview:large, max-video-preview:-1\" \/>\n<link rel=\"canonical\" href=\"https:\/\/tbsj.ca\/en\/book-taxi\/\" \/>\n<meta property=\"og:locale\" content=\"en_US\" \/>\n<meta property=\"og:type\" content=\"article\" \/>\n<meta property=\"og:title\" content=\"Book Taxi - tbsj.ca\" \/>\n<meta property=\"og:description\" content=\"r\u00e9server un taxi R\u00e9server un taxi la r\u00e9servation doit \u00eatre de 50$ minimum toutes les informations sont confidentielles et ne seront r\u00e9v\u00e9l\u00e9es \u00e0 personne +1 (514) 565-1126 ZONES DE SERVICE D\u00c9COUVREZ LE MEILLEUR SERVICE DE TAXI \u00c0 QU\u00c9BEC ET AUX ENVIRONS ! pr\u00e9vot saint Sauveur Sainte Ad\u00e8le Mirabel Sainte Sophie Saint Hyppolite Saint Colomban Saint [&hellip;]\" \/>\n<meta property=\"og:url\" content=\"https:\/\/tbsj.ca\/en\/book-taxi\/\" \/>\n<meta property=\"og:site_name\" content=\"tbsj.ca\" \/>\n<meta property=\"article:modified_time\" content=\"2024-09-03T11:04:26+00:00\" \/>\n<meta name=\"twitter:card\" content=\"summary_large_image\" \/>\n<script type=\"application\/ld+json\" class=\"yoast-schema-graph\">{\"@context\":\"https:\/\/schema.org\",\"@graph\":[{\"@type\":\"WebPage\",\"@id\":\"https:\/\/tbsj.ca\/book-taxi\/\",\"url\":\"https:\/\/tbsj.ca\/book-taxi\/\",\"name\":\"Book Taxi - tbsj.ca\",\"isPartOf\":{\"@id\":\"https:\/\/tbsj.ca\/#website\"},\"datePublished\":\"2024-08-20T15:13:32+00:00\",\"dateModified\":\"2024-09-03T11:04:26+00:00\",\"breadcrumb\":{\"@id\":\"https:\/\/tbsj.ca\/book-taxi\/#breadcrumb\"},\"inLanguage\":\"en-CA\",\"potentialAction\":[{\"@type\":\"ReadAction\",\"target\":[\"https:\/\/tbsj.ca\/book-taxi\/\"]}]},{\"@type\":\"BreadcrumbList\",\"@id\":\"https:\/\/tbsj.ca\/book-taxi\/#breadcrumb\",\"itemListElement\":[{\"@type\":\"ListItem\",\"position\":1,\"name\":\"Home\",\"item\":\"https:\/\/tbsj.ca\/\"},{\"@type\":\"ListItem\",\"position\":2,\"name\":\"Book Taxi\"}]},{\"@type\":\"WebSite\",\"@id\":\"https:\/\/tbsj.ca\/#website\",\"url\":\"https:\/\/tbsj.ca\/\",\"name\":\"tbsj.ca\",\"description\":\"tbsj.ca\",\"publisher\":{\"@id\":\"https:\/\/tbsj.ca\/#organization\"},\"potentialAction\":[{\"@type\":\"SearchAction\",\"target\":{\"@type\":\"EntryPoint\",\"urlTemplate\":\"https:\/\/tbsj.ca\/?s={search_term_string}\"},\"query-input\":{\"@type\":\"PropertyValueSpecification\",\"valueRequired\":true,\"valueName\":\"search_term_string\"}}],\"inLanguage\":\"en-CA\"},{\"@type\":\"Organization\",\"@id\":\"https:\/\/tbsj.ca\/#organization\",\"name\":\"tbsj.ca\",\"url\":\"https:\/\/tbsj.ca\/\",\"logo\":{\"@type\":\"ImageObject\",\"inLanguage\":\"en-CA\",\"@id\":\"https:\/\/tbsj.ca\/#\/schema\/logo\/image\/\",\"url\":\"https:\/\/tbsj.ca\/wp-content\/uploads\/2025\/05\/logo-bonjourGOLD-1.svg\",\"contentUrl\":\"https:\/\/tbsj.ca\/wp-content\/uploads\/2025\/05\/logo-bonjourGOLD-1.svg\",\"width\":2032,\"height\":1920,\"caption\":\"tbsj.ca\"},\"image\":{\"@id\":\"https:\/\/tbsj.ca\/#\/schema\/logo\/image\/\"}}]}<\/script>\n<!-- \/ Yoast SEO plugin. -->","yoast_head_json":{"title":"Book Taxi - tbsj.ca","robots":{"index":"index","follow":"follow","max-snippet":"max-snippet:-1","max-image-preview":"max-image-preview:large","max-video-preview":"max-video-preview:-1"},"canonical":"https:\/\/tbsj.ca\/en\/book-taxi\/","og_locale":"en_US","og_type":"article","og_title":"Book Taxi - tbsj.ca","og_description":"r\u00e9server un taxi R\u00e9server un taxi la r\u00e9servation doit \u00eatre de 50$ minimum toutes les informations sont confidentielles et ne seront r\u00e9v\u00e9l\u00e9es \u00e0 personne +1 (514) 565-1126 ZONES DE SERVICE D\u00c9COUVREZ LE MEILLEUR SERVICE DE TAXI \u00c0 QU\u00c9BEC ET AUX ENVIRONS ! pr\u00e9vot saint Sauveur Sainte Ad\u00e8le Mirabel Sainte Sophie Saint Hyppolite Saint Colomban Saint [&hellip;]","og_url":"https:\/\/tbsj.ca\/en\/book-taxi\/","og_site_name":"tbsj.ca","article_modified_time":"2024-09-03T11:04:26+00:00","twitter_card":"summary_large_image","schema":{"@context":"https:\/\/schema.org","@graph":[{"@type":"WebPage","@id":"https:\/\/tbsj.ca\/book-taxi\/","url":"https:\/\/tbsj.ca\/book-taxi\/","name":"Book Taxi - tbsj.ca","isPartOf":{"@id":"https:\/\/tbsj.ca\/#website"},"datePublished":"2024-08-20T15:13:32+00:00","dateModified":"2024-09-03T11:04:26+00:00","breadcrumb":{"@id":"https:\/\/tbsj.ca\/book-taxi\/#breadcrumb"},"inLanguage":"en-CA","potentialAction":[{"@type":"ReadAction","target":["https:\/\/tbsj.ca\/book-taxi\/"]}]},{"@type":"BreadcrumbList","@id":"https:\/\/tbsj.ca\/book-taxi\/#breadcrumb","itemListElement":[{"@type":"ListItem","position":1,"name":"Home","item":"https:\/\/tbsj.ca\/"},{"@type":"ListItem","position":2,"name":"Book Taxi"}]},{"@type":"WebSite","@id":"https:\/\/tbsj.ca\/#website","url":"https:\/\/tbsj.ca\/","name":"tbsj.ca","description":"tbsj.ca","publisher":{"@id":"https:\/\/tbsj.ca\/#organization"},"potentialAction":[{"@type":"SearchAction","target":{"@type":"EntryPoint","urlTemplate":"https:\/\/tbsj.ca\/?s={search_term_string}"},"query-input":{"@type":"PropertyValueSpecification","valueRequired":true,"valueName":"search_term_string"}}],"inLanguage":"en-CA"},{"@type":"Organization","@id":"https:\/\/tbsj.ca\/#organization","name":"tbsj.ca","url":"https:\/\/tbsj.ca\/","logo":{"@type":"ImageObject","inLanguage":"en-CA","@id":"https:\/\/tbsj.ca\/#\/schema\/logo\/image\/","url":"https:\/\/tbsj.ca\/wp-content\/uploads\/2025\/05\/logo-bonjourGOLD-1.svg","contentUrl":"https:\/\/tbsj.ca\/wp-content\/uploads\/2025\/05\/logo-bonjourGOLD-1.svg","width":2032,"height":1920,"caption":"tbsj.ca"},"image":{"@id":"https:\/\/tbsj.ca\/#\/schema\/logo\/image\/"}}]}},"_links":{"self":[{"href":"https:\/\/tbsj.ca\/en\/wp-json\/wp\/v2\/pages\/130","targetHints":{"allow":["GET"]}}],"collection":[{"href":"https:\/\/tbsj.ca\/en\/wp-json\/wp\/v2\/pages"}],"about":[{"href":"https:\/\/tbsj.ca\/en\/wp-json\/wp\/v2\/types\/page"}],"author":[{"embeddable":true,"href":"https:\/\/tbsj.ca\/en\/wp-json\/wp\/v2\/users\/1"}],"replies":[{"embeddable":true,"href":"https:\/\/tbsj.ca\/en\/wp-json\/wp\/v2\/comments?post=130"}],"version-history":[{"count":61,"href":"https:\/\/tbsj.ca\/en\/wp-json\/wp\/v2\/pages\/130\/revisions"}],"predecessor-version":[{"id":711,"href":"https:\/\/tbsj.ca\/en\/wp-json\/wp\/v2\/pages\/130\/revisions\/711"}],"wp:attachment":[{"href":"https:\/\/tbsj.ca\/en\/wp-json\/wp\/v2\/media?parent=130"}],"curies":[{"name":"wp","href":"https:\/\/api.w.org\/{rel}","templated":true}]}}