{"id":1793,"date":"2024-12-09T18:43:09","date_gmt":"2024-12-09T18:43:09","guid":{"rendered":"https:\/\/tbsj.ca\/?page_id=1793"},"modified":"2025-09-21T08:53:17","modified_gmt":"2025-09-21T08:53:17","slug":"politique-de-confidentialite","status":"publish","type":"page","link":"https:\/\/tbsj.ca\/en\/politique-de-confidentialite\/","title":{"rendered":"Privacy Policy"},"content":{"rendered":"<div data-elementor-type=\"wp-page\" data-elementor-id=\"1793\" class=\"elementor elementor-1793\" data-elementor-settings=\"{&quot;ha_cmc_init_switcher&quot;:&quot;no&quot;}\" data-elementor-post-type=\"page\">\n\t\t\t\t<div class=\"elementor-element elementor-element-649c3a0 e-flex e-con-boxed e-con e-parent\" data-id=\"649c3a0\" data-element_type=\"container\" data-settings=\"{&quot;_ha_eqh_enable&quot;:false}\">\n\t\t\t\t\t<div class=\"e-con-inner\">\n\t\t\t\t<div class=\"elementor-element elementor-element-e7553c8 elementor-widget elementor-widget-image\" data-id=\"e7553c8\" data-element_type=\"widget\" data-widget_type=\"image.default\">\n\t\t\t\t<div class=\"elementor-widget-container\">\n\t\t\t\t\t\t\t\t\t\t\t\t\t\t\t<img fetchpriority=\"high\" decoding=\"async\" width=\"1024\" height=\"576\" src=\"https:\/\/tbsj.ca\/wp-content\/uploads\/2025\/05\/Test-1024x576.jpg\" class=\"attachment-large size-large wp-image-2235\" alt=\"\" srcset=\"https:\/\/tbsj.ca\/wp-content\/uploads\/2025\/05\/Test-1024x576.jpg 1024w, https:\/\/tbsj.ca\/wp-content\/uploads\/2025\/05\/Test-300x169.jpg 300w, https:\/\/tbsj.ca\/wp-content\/uploads\/2025\/05\/Test-768x432.jpg 768w, https:\/\/tbsj.ca\/wp-content\/uploads\/2025\/05\/Test-1536x864.jpg 1536w, https:\/\/tbsj.ca\/wp-content\/uploads\/2025\/05\/Test-18x10.jpg 18w, https:\/\/tbsj.ca\/wp-content\/uploads\/2025\/05\/Test.jpg 1920w\" sizes=\"(max-width: 1024px) 100vw, 1024px\" \/>\t\t\t\t\t\t\t\t\t\t\t\t\t\t\t<\/div>\n\t\t\t\t<\/div>\n\t\t\t\t\t<\/div>\n\t\t\t\t<\/div>\n\t\t<div class=\"elementor-element elementor-element-594e715e e-flex e-con-boxed e-con e-parent\" data-id=\"594e715e\" data-element_type=\"container\" data-settings=\"{&quot;_ha_eqh_enable&quot;:false}\">\n\t\t\t\t\t<div class=\"e-con-inner\">\n\t\t\t\t<div class=\"elementor-element elementor-element-55c2bb3b elementor-widget elementor-widget-text-editor\" data-id=\"55c2bb3b\" data-element_type=\"widget\" data-widget_type=\"text-editor.default\">\n\t\t\t\t<div class=\"elementor-widget-container\">\n\t\t\t\t\t\t\t\t\t\n<figure class=\"wp-block-image aligncenter size-full is-resized\"><img decoding=\"async\" width=\"710\" height=\"549\" class=\"wp-image-1794\" style=\"width: 534px; height: auto;\" src=\"https:\/\/tbsj.ca\/wp-content\/uploads\/2024\/12\/politique_confidentialite.png\" alt=\"\" srcset=\"https:\/\/tbsj.ca\/wp-content\/uploads\/2024\/12\/politique_confidentialite.png 710w, https:\/\/tbsj.ca\/wp-content\/uploads\/2024\/12\/politique_confidentialite-300x232.png 300w, https:\/\/tbsj.ca\/wp-content\/uploads\/2024\/12\/politique_confidentialite-16x12.png 16w\" sizes=\"(max-width: 710px) 100vw, 710px\" \/><\/figure>\n\n<p>At Taxi Bonjour St-J\u00e9r\u00f4me, your privacy is of utmost importance. This Privacy Policy explains how we collect, use, and protect your personal information when you visit our website: https:\/\/tbsj.ca\/.<\/p>\n\n<h5 class=\"wp-block-heading\">1. Information We Collect<\/h5>\n\n<p>We may collect the following types of personal information when you use our website or services:<\/p>\n\n<p><strong>Personal Identification Information:<\/strong> Name, email address, phone number, and address.<\/p>\n\n<p><strong>Booking Details:<\/strong> Pickup and drop-off locations, trip information, special requests, and scheduling details.<\/p>\n\n<h5 class=\"wp-block-heading\">2. How We Use Your Information<\/h5>\n\n<p>We use the collected information for the following purposes:<\/p>\n\n<p><strong>1) To Provide Services: <\/strong> To process bookings, confirm reservations, provide ride services, and communicate with you regarding your trip.<\/p>\n\n<p><strong>2) Support client: <\/strong>To respond to your inquiries, resolve issues, and offer customer support.<\/p>\n\n<h5 class=\"wp-block-heading\">3. Sharing Your Information<\/h5>\n\n<p>We do not sell, trade, or rent your personal information to third parties.<\/p>\n\t\t\t\t\t\t\t\t<\/div>\n\t\t\t\t<\/div>\n\t\t\t\t\t<\/div>\n\t\t\t\t<\/div>\n\t\t\t\t<\/div>","protected":false},"excerpt":{"rendered":"<p>Chez Taxi Bonjour St-J\u00e9r\u00f4me, votre vie priv\u00e9e est une priorit\u00e9. La pr\u00e9sente Politique de Confidentialit\u00e9 d\u00e9crit comment nous collectons, utilisons et prot\u00e9geons vos informations personnelles lorsque vous visitez notre site web: https:\/\/tbsj.ca\/ 1. Informations que Nous Collectons Nous pouvons collecter les types d&rsquo;informations personnelles suivants lorsque vous utilisez notre site web ou nos servic 1) [&hellip;]<\/p>","protected":false},"author":1,"featured_media":2348,"parent":0,"menu_order":0,"comment_status":"closed","ping_status":"closed","template":"","meta":{"footnotes":""},"class_list":["post-1793","page","type-page","status-publish","has-post-thumbnail","hentry"],"blocksy_meta":[],"yoast_head":"<!-- This site is optimized with the Yoast SEO plugin v25.8 - https:\/\/yoast.com\/wordpress\/plugins\/seo\/ -->\n<title>TBSJ - Privacy Policy - Taxi Pres De Moi<\/title>\n<meta name=\"description\" content=\"Consultez la politique de confidentialit\u00e9 de TBSJ - Taxi Pr\u00e8s de Moi : protection de vos donn\u00e9es personnelles et utilisation s\u00e9curis\u00e9e\" \/>\n<meta name=\"robots\" content=\"index, follow, max-snippet:-1, max-image-preview:large, max-video-preview:-1\" \/>\n<link rel=\"canonical\" href=\"https:\/\/tbsj.ca\/en\/politique-de-confidentialite\/\" \/>\n<meta property=\"og:locale\" content=\"en_US\" \/>\n<meta property=\"og:type\" content=\"article\" \/>\n<meta property=\"og:title\" content=\"TBSJ - Privacy Policy - Taxi Pres De Moi\" \/>\n<meta property=\"og:description\" content=\"Consultez la politique de confidentialit\u00e9 de TBSJ - Taxi Pr\u00e8s de Moi : protection de vos donn\u00e9es personnelles et utilisation s\u00e9curis\u00e9e\" \/>\n<meta property=\"og:url\" content=\"https:\/\/tbsj.ca\/en\/politique-de-confidentialite\/\" \/>\n<meta property=\"og:site_name\" content=\"tbsj.ca\" \/>\n<meta property=\"article:modified_time\" content=\"2025-09-21T08:53:17+00:00\" \/>\n<meta property=\"og:image\" content=\"https:\/\/tbsj.ca\/wp-content\/uploads\/2025\/05\/Vector-1003x1024.png\" \/>\n\t<meta property=\"og:image:width\" content=\"1003\" \/>\n\t<meta property=\"og:image:height\" content=\"1024\" \/>\n\t<meta property=\"og:image:type\" content=\"image\/png\" \/>\n<meta name=\"twitter:card\" content=\"summary_large_image\" \/>\n<meta name=\"twitter:label1\" content=\"Est. reading time\" \/>\n\t<meta name=\"twitter:data1\" content=\"2 minutes\" \/>\n<script type=\"application\/ld+json\" class=\"yoast-schema-graph\">{\"@context\":\"https:\/\/schema.org\",\"@graph\":[{\"@type\":\"WebPage\",\"@id\":\"https:\/\/tbsj.ca\/politique-de-confidentialite\/\",\"url\":\"https:\/\/tbsj.ca\/politique-de-confidentialite\/\",\"name\":\"TBSJ - Privacy Policy - Taxi Pres De Moi\",\"isPartOf\":{\"@id\":\"https:\/\/tbsj.ca\/#website\"},\"primaryImageOfPage\":{\"@id\":\"https:\/\/tbsj.ca\/politique-de-confidentialite\/#primaryimage\"},\"image\":{\"@id\":\"https:\/\/tbsj.ca\/politique-de-confidentialite\/#primaryimage\"},\"thumbnailUrl\":\"https:\/\/tbsj.ca\/wp-content\/uploads\/2025\/05\/Vector.png\",\"datePublished\":\"2024-12-09T18:43:09+00:00\",\"dateModified\":\"2025-09-21T08:53:17+00:00\",\"description\":\"Consultez la politique de confidentialit\u00e9 de TBSJ - Taxi Pr\u00e8s de Moi : protection de vos donn\u00e9es personnelles et utilisation s\u00e9curis\u00e9e\",\"breadcrumb\":{\"@id\":\"https:\/\/tbsj.ca\/politique-de-confidentialite\/#breadcrumb\"},\"inLanguage\":\"en-CA\",\"potentialAction\":[{\"@type\":\"ReadAction\",\"target\":[\"https:\/\/tbsj.ca\/politique-de-confidentialite\/\"]}]},{\"@type\":\"ImageObject\",\"inLanguage\":\"en-CA\",\"@id\":\"https:\/\/tbsj.ca\/politique-de-confidentialite\/#primaryimage\",\"url\":\"https:\/\/tbsj.ca\/wp-content\/uploads\/2025\/05\/Vector.png\",\"contentUrl\":\"https:\/\/tbsj.ca\/wp-content\/uploads\/2025\/05\/Vector.png\",\"width\":1759,\"height\":1795,\"caption\":\"TBSJ - Privacy Policy - Taxi Pres De Moi\"},{\"@type\":\"BreadcrumbList\",\"@id\":\"https:\/\/tbsj.ca\/politique-de-confidentialite\/#breadcrumb\",\"itemListElement\":[{\"@type\":\"ListItem\",\"position\":1,\"name\":\"Home\",\"item\":\"https:\/\/tbsj.ca\/\"},{\"@type\":\"ListItem\",\"position\":2,\"name\":\"Politique de Confidentialit\u00e9\"}]},{\"@type\":\"WebSite\",\"@id\":\"https:\/\/tbsj.ca\/#website\",\"url\":\"https:\/\/tbsj.ca\/\",\"name\":\"tbsj.ca\",\"description\":\"tbsj.ca\",\"publisher\":{\"@id\":\"https:\/\/tbsj.ca\/#organization\"},\"potentialAction\":[{\"@type\":\"SearchAction\",\"target\":{\"@type\":\"EntryPoint\",\"urlTemplate\":\"https:\/\/tbsj.ca\/?s={search_term_string}\"},\"query-input\":{\"@type\":\"PropertyValueSpecification\",\"valueRequired\":true,\"valueName\":\"search_term_string\"}}],\"inLanguage\":\"en-CA\"},{\"@type\":\"Organization\",\"@id\":\"https:\/\/tbsj.ca\/#organization\",\"name\":\"tbsj.ca\",\"url\":\"https:\/\/tbsj.ca\/\",\"logo\":{\"@type\":\"ImageObject\",\"inLanguage\":\"en-CA\",\"@id\":\"https:\/\/tbsj.ca\/#\/schema\/logo\/image\/\",\"url\":\"https:\/\/tbsj.ca\/wp-content\/uploads\/2025\/05\/logo-bonjourGOLD-1.svg\",\"contentUrl\":\"https:\/\/tbsj.ca\/wp-content\/uploads\/2025\/05\/logo-bonjourGOLD-1.svg\",\"width\":2032,\"height\":1920,\"caption\":\"tbsj.ca\"},\"image\":{\"@id\":\"https:\/\/tbsj.ca\/#\/schema\/logo\/image\/\"}}]}<\/script>\n<!-- \/ Yoast SEO plugin. -->","yoast_head_json":{"title":"TBSJ - Privacy Policy - Taxi Pres De Moi","description":"Consultez la politique de confidentialit\u00e9 de TBSJ - Taxi Pr\u00e8s de Moi : protection de vos donn\u00e9es personnelles et utilisation s\u00e9curis\u00e9e","robots":{"index":"index","follow":"follow","max-snippet":"max-snippet:-1","max-image-preview":"max-image-preview:large","max-video-preview":"max-video-preview:-1"},"canonical":"https:\/\/tbsj.ca\/en\/politique-de-confidentialite\/","og_locale":"en_US","og_type":"article","og_title":"TBSJ - Privacy Policy - Taxi Pres De Moi","og_description":"Consultez la politique de confidentialit\u00e9 de TBSJ - Taxi Pr\u00e8s de Moi : protection de vos donn\u00e9es personnelles et utilisation s\u00e9curis\u00e9e","og_url":"https:\/\/tbsj.ca\/en\/politique-de-confidentialite\/","og_site_name":"tbsj.ca","article_modified_time":"2025-09-21T08:53:17+00:00","og_image":[{"width":1003,"height":1024,"url":"https:\/\/tbsj.ca\/wp-content\/uploads\/2025\/05\/Vector-1003x1024.png","type":"image\/png"}],"twitter_card":"summary_large_image","twitter_misc":{"Est. reading time":"2 minutes"},"schema":{"@context":"https:\/\/schema.org","@graph":[{"@type":"WebPage","@id":"https:\/\/tbsj.ca\/politique-de-confidentialite\/","url":"https:\/\/tbsj.ca\/politique-de-confidentialite\/","name":"TBSJ - Privacy Policy - Taxi Pres De Moi","isPartOf":{"@id":"https:\/\/tbsj.ca\/#website"},"primaryImageOfPage":{"@id":"https:\/\/tbsj.ca\/politique-de-confidentialite\/#primaryimage"},"image":{"@id":"https:\/\/tbsj.ca\/politique-de-confidentialite\/#primaryimage"},"thumbnailUrl":"https:\/\/tbsj.ca\/wp-content\/uploads\/2025\/05\/Vector.png","datePublished":"2024-12-09T18:43:09+00:00","dateModified":"2025-09-21T08:53:17+00:00","description":"Consultez la politique de confidentialit\u00e9 de TBSJ - Taxi Pr\u00e8s de Moi : protection de vos donn\u00e9es personnelles et utilisation s\u00e9curis\u00e9e","breadcrumb":{"@id":"https:\/\/tbsj.ca\/politique-de-confidentialite\/#breadcrumb"},"inLanguage":"en-CA","potentialAction":[{"@type":"ReadAction","target":["https:\/\/tbsj.ca\/politique-de-confidentialite\/"]}]},{"@type":"ImageObject","inLanguage":"en-CA","@id":"https:\/\/tbsj.ca\/politique-de-confidentialite\/#primaryimage","url":"https:\/\/tbsj.ca\/wp-content\/uploads\/2025\/05\/Vector.png","contentUrl":"https:\/\/tbsj.ca\/wp-content\/uploads\/2025\/05\/Vector.png","width":1759,"height":1795,"caption":"TBSJ - Privacy Policy - Taxi Pres De Moi"},{"@type":"BreadcrumbList","@id":"https:\/\/tbsj.ca\/politique-de-confidentialite\/#breadcrumb","itemListElement":[{"@type":"ListItem","position":1,"name":"Home","item":"https:\/\/tbsj.ca\/"},{"@type":"ListItem","position":2,"name":"Politique de Confidentialit\u00e9"}]},{"@type":"WebSite","@id":"https:\/\/tbsj.ca\/#website","url":"https:\/\/tbsj.ca\/","name":"tbsj.ca","description":"tbsj.ca","publisher":{"@id":"https:\/\/tbsj.ca\/#organization"},"potentialAction":[{"@type":"SearchAction","target":{"@type":"EntryPoint","urlTemplate":"https:\/\/tbsj.ca\/?s={search_term_string}"},"query-input":{"@type":"PropertyValueSpecification","valueRequired":true,"valueName":"search_term_string"}}],"inLanguage":"en-CA"},{"@type":"Organization","@id":"https:\/\/tbsj.ca\/#organization","name":"tbsj.ca","url":"https:\/\/tbsj.ca\/","logo":{"@type":"ImageObject","inLanguage":"en-CA","@id":"https:\/\/tbsj.ca\/#\/schema\/logo\/image\/","url":"https:\/\/tbsj.ca\/wp-content\/uploads\/2025\/05\/logo-bonjourGOLD-1.svg","contentUrl":"https:\/\/tbsj.ca\/wp-content\/uploads\/2025\/05\/logo-bonjourGOLD-1.svg","width":2032,"height":1920,"caption":"tbsj.ca"},"image":{"@id":"https:\/\/tbsj.ca\/#\/schema\/logo\/image\/"}}]}},"_links":{"self":[{"href":"https:\/\/tbsj.ca\/en\/wp-json\/wp\/v2\/pages\/1793","targetHints":{"allow":["GET"]}}],"collection":[{"href":"https:\/\/tbsj.ca\/en\/wp-json\/wp\/v2\/pages"}],"about":[{"href":"https:\/\/tbsj.ca\/en\/wp-json\/wp\/v2\/types\/page"}],"author":[{"embeddable":true,"href":"https:\/\/tbsj.ca\/en\/wp-json\/wp\/v2\/users\/1"}],"replies":[{"embeddable":true,"href":"https:\/\/tbsj.ca\/en\/wp-json\/wp\/v2\/comments?post=1793"}],"version-history":[{"count":6,"href":"https:\/\/tbsj.ca\/en\/wp-json\/wp\/v2\/pages\/1793\/revisions"}],"predecessor-version":[{"id":2617,"href":"https:\/\/tbsj.ca\/en\/wp-json\/wp\/v2\/pages\/1793\/revisions\/2617"}],"wp:featuredmedia":[{"embeddable":true,"href":"https:\/\/tbsj.ca\/en\/wp-json\/wp\/v2\/media\/2348"}],"wp:attachment":[{"href":"https:\/\/tbsj.ca\/en\/wp-json\/wp\/v2\/media?parent=1793"}],"curies":[{"name":"wp","href":"https:\/\/api.w.org\/{rel}","templated":true}]}}