{"id":62,"date":"2024-08-19T15:22:15","date_gmt":"2024-08-19T15:22:15","guid":{"rendered":"https:\/\/tbsj.ca\/?page_id=62"},"modified":"2024-09-06T20:42:01","modified_gmt":"2024-09-06T20:42:01","slug":"contact-us","status":"publish","type":"page","link":"https:\/\/tbsj.ca\/en\/contact-us\/","title":{"rendered":"Contactez-nous"},"content":{"rendered":"<div data-elementor-type=\"wp-page\" data-elementor-id=\"62\" class=\"elementor elementor-62\" data-elementor-settings=\"{&quot;ha_cmc_init_switcher&quot;:&quot;no&quot;}\" data-elementor-post-type=\"page\">\n\t\t\t\t\t\t<section class=\"elementor-section elementor-top-section elementor-element elementor-element-750cea0 elementor-section-height-min-height elementor-hidden-desktop elementor-hidden-tablet elementor-section-boxed elementor-section-height-default elementor-section-items-middle\" data-id=\"750cea0\" data-element_type=\"section\" data-settings=\"{&quot;background_background&quot;:&quot;classic&quot;,&quot;_ha_eqh_enable&quot;:false}\">\n\t\t\t\t\t\t\t<div class=\"elementor-background-overlay\"><\/div>\n\t\t\t\t\t\t\t<div class=\"elementor-container elementor-column-gap-default\">\n\t\t\t\t\t<div class=\"elementor-column elementor-col-100 elementor-top-column elementor-element elementor-element-c911b4a\" data-id=\"c911b4a\" data-element_type=\"column\" data-settings=\"{&quot;background_background&quot;:&quot;classic&quot;}\">\n\t\t\t<div class=\"elementor-widget-wrap elementor-element-populated\">\n\t\t\t\t\t\t<div class=\"elementor-element elementor-element-d99cd2c elementor-widget elementor-widget-heading\" data-id=\"d99cd2c\" data-element_type=\"widget\" data-widget_type=\"heading.default\">\n\t\t\t\t<div class=\"elementor-widget-container\">\n\t\t\t\t\t<h2 class=\"elementor-heading-title elementor-size-default\">contact<\/h2>\t\t\t\t<\/div>\n\t\t\t\t<\/div>\n\t\t\t\t\t<\/div>\n\t\t<\/div>\n\t\t\t\t\t<\/div>\n\t\t<\/section>\n\t\t\t\t<section class=\"elementor-section elementor-top-section elementor-element elementor-element-f201b4a elementor-section-height-min-height elementor-hidden-mobile elementor-section-boxed elementor-section-height-default elementor-section-items-middle\" data-id=\"f201b4a\" data-element_type=\"section\" data-settings=\"{&quot;background_background&quot;:&quot;classic&quot;,&quot;_ha_eqh_enable&quot;:false}\">\n\t\t\t\t\t\t\t<div class=\"elementor-background-overlay\"><\/div>\n\t\t\t\t\t\t\t<div class=\"elementor-container elementor-column-gap-default\">\n\t\t\t\t\t<div class=\"elementor-column elementor-col-100 elementor-top-column elementor-element elementor-element-9b074f3\" data-id=\"9b074f3\" data-element_type=\"column\" data-settings=\"{&quot;background_background&quot;:&quot;classic&quot;}\">\n\t\t\t<div class=\"elementor-widget-wrap elementor-element-populated\">\n\t\t\t\t\t\t<div class=\"elementor-element elementor-element-ff17db2 elementor-widget elementor-widget-heading\" data-id=\"ff17db2\" data-element_type=\"widget\" data-widget_type=\"heading.default\">\n\t\t\t\t<div class=\"elementor-widget-container\">\n\t\t\t\t\t<h2 class=\"elementor-heading-title elementor-size-default\">Contactez-nous<\/h2>\t\t\t\t<\/div>\n\t\t\t\t<\/div>\n\t\t\t\t\t<\/div>\n\t\t<\/div>\n\t\t\t\t\t<\/div>\n\t\t<\/section>\n\t\t\t\t<section class=\"elementor-section elementor-top-section elementor-element elementor-element-adea2a7 elementor-section-boxed elementor-section-height-default elementor-section-height-default\" data-id=\"adea2a7\" data-element_type=\"section\" data-settings=\"{&quot;_ha_eqh_enable&quot;:false}\">\n\t\t\t\t\t\t<div class=\"elementor-container elementor-column-gap-default\">\n\t\t\t\t\t<div class=\"elementor-column elementor-col-100 elementor-top-column elementor-element elementor-element-76e5c7b\" data-id=\"76e5c7b\" data-element_type=\"column\">\n\t\t\t<div class=\"elementor-widget-wrap elementor-element-populated\">\n\t\t\t\t\t\t<div class=\"elementor-element elementor-element-8bedc6a elementor-widget__width-initial elementor-widget elementor-widget-heading\" data-id=\"8bedc6a\" data-element_type=\"widget\" data-widget_type=\"heading.default\">\n\t\t\t\t<div class=\"elementor-widget-container\">\n\t\t\t\t\t<h2 class=\"elementor-heading-title elementor-size-default\">SERVICE AREAS<\/h2>\t\t\t\t<\/div>\n\t\t\t\t<\/div>\n\t\t\t\t<div class=\"elementor-element elementor-element-c196027 elementor-widget elementor-widget-spacer\" data-id=\"c196027\" data-element_type=\"widget\" data-widget_type=\"spacer.default\">\n\t\t\t\t<div class=\"elementor-widget-container\">\n\t\t\t\t\t\t\t<div class=\"elementor-spacer\">\n\t\t\t<div class=\"elementor-spacer-inner\"><\/div>\n\t\t<\/div>\n\t\t\t\t\t\t<\/div>\n\t\t\t\t<\/div>\n\t\t\t\t<div class=\"elementor-element elementor-element-b6262ff elementor-widget__width-initial elementor-widget elementor-widget-heading\" data-id=\"b6262ff\" data-element_type=\"widget\" data-widget_type=\"heading.default\">\n\t\t\t\t<div class=\"elementor-widget-container\">\n\t\t\t\t\t<h2 class=\"elementor-heading-title elementor-size-default\">DISCOVER THE BEST TAXI SERVICE IN QUEBEC AND THE SURROUNDING AREAS!<\/h2>\t\t\t\t<\/div>\n\t\t\t\t<\/div>\n\t\t\t\t<div class=\"elementor-element elementor-element-c4093d6 elementor-widget elementor-widget-spacer\" data-id=\"c4093d6\" data-element_type=\"widget\" data-widget_type=\"spacer.default\">\n\t\t\t\t<div class=\"elementor-widget-container\">\n\t\t\t\t\t\t\t<div class=\"elementor-spacer\">\n\t\t\t<div class=\"elementor-spacer-inner\"><\/div>\n\t\t<\/div>\n\t\t\t\t\t\t<\/div>\n\t\t\t\t<\/div>\n\t\t\t\t<div class=\"elementor-element elementor-element-cc6c877 elementor-widget__width-initial elementor-widget elementor-widget-text-editor\" data-id=\"cc6c877\" data-element_type=\"widget\" data-widget_type=\"text-editor.default\">\n\t\t\t\t<div class=\"elementor-widget-container\">\n\t\t\t\t\t\t\t\t\t<p>pr\u00e9vot saint Sauveur Sainte Ad\u00e8le Mirabel Sainte Sophie Saint Hyppolite Saint Colomban Saint lin Laurentides Terrebonne Lachute Blainville Saint Calixte Sainte Anne des Plaines Sainte des lacs Milles-Isles Piedmont Val-David Val-morin Laval Saint-jacques Saint-Eustache Sainte-marguerite<\/p>\t\t\t\t\t\t\t\t<\/div>\n\t\t\t\t<\/div>\n\t\t\t\t\t<\/div>\n\t\t<\/div>\n\t\t\t\t\t<\/div>\n\t\t<\/section>\n\t\t<div class=\"elementor-element elementor-element-b9533b2 e-flex e-con-boxed e-con e-parent\" data-id=\"b9533b2\" data-element_type=\"container\" data-settings=\"{&quot;_ha_eqh_enable&quot;:false}\">\n\t\t\t\t\t<div class=\"e-con-inner\">\n\t\t\t\t<div class=\"elementor-element elementor-element-be40132 elementor-widget elementor-widget-text-editor\" data-id=\"be40132\" data-element_type=\"widget\" data-widget_type=\"text-editor.default\">\n\t\t\t\t<div class=\"elementor-widget-container\">\n\t\t\t\t\t\t\t\t\t<p>Available 24\/7<br \/>info@taxibonjourquebec.com<br \/>+1 (514) 565-1126<\/p>\t\t\t\t\t\t\t\t<\/div>\n\t\t\t\t<\/div>\n\t\t\t\t<div class=\"elementor-element elementor-element-7c741c3 elementor-widget__width-initial elementor-align-center elementor-widget elementor-widget-button\" data-id=\"7c741c3\" data-element_type=\"widget\" data-widget_type=\"button.default\">\n\t\t\t\t<div class=\"elementor-widget-container\">\n\t\t\t\t\t\t\t\t\t<div class=\"elementor-button-wrapper\">\n\t\t\t\t\t<a class=\"elementor-button elementor-button-link elementor-size-sm\" href=\"https:\/\/tbsj.ca\/en\/book-taxi\/\">\n\t\t\t\t\t\t<span class=\"elementor-button-content-wrapper\">\n\t\t\t\t\t\t\t\t\t<span class=\"elementor-button-text\">R\u00e9servez maintenant<\/span>\n\t\t\t\t\t<\/span>\n\t\t\t\t\t<\/a>\n\t\t\t\t<\/div>\n\t\t\t\t\t\t\t\t<\/div>\n\t\t\t\t<\/div>\n\t\t\t\t\t<\/div>\n\t\t\t\t<\/div>\n\t\t\t\t<section class=\"elementor-section elementor-top-section elementor-element elementor-element-310f9ae elementor-section-boxed elementor-section-height-default elementor-section-height-default\" data-id=\"310f9ae\" data-element_type=\"section\" data-settings=\"{&quot;_ha_eqh_enable&quot;:false}\">\n\t\t\t\t\t\t<div class=\"elementor-container elementor-column-gap-default\">\n\t\t\t\t\t<div class=\"elementor-column elementor-col-100 elementor-top-column elementor-element elementor-element-5226a4a\" data-id=\"5226a4a\" data-element_type=\"column\">\n\t\t\t<div class=\"elementor-widget-wrap elementor-element-populated\">\n\t\t\t\t\t\t<div class=\"elementor-element elementor-element-0ada4ad elementor-widget__width-initial elementor-widget elementor-widget-heading\" data-id=\"0ada4ad\" data-element_type=\"widget\" data-widget_type=\"heading.default\">\n\t\t\t\t<div class=\"elementor-widget-container\">\n\t\t\t\t\t<h2 class=\"elementor-heading-title elementor-size-default\">Questions fr\u00e9quentes<\/h2>\t\t\t\t<\/div>\n\t\t\t\t<\/div>\n\t\t\t\t<div class=\"elementor-element elementor-element-2380ebb elementor-widget__width-initial elementor-widget elementor-widget-heading\" data-id=\"2380ebb\" data-element_type=\"widget\" data-widget_type=\"heading.default\">\n\t\t\t\t<div class=\"elementor-widget-container\">\n\t\t\t\t\t<h2 class=\"elementor-heading-title elementor-size-default\">Avez-vous des questions sur nos services de taxi ?<\/h2>\t\t\t\t<\/div>\n\t\t\t\t<\/div>\n\t\t\t\t<div class=\"elementor-element elementor-element-ad05d88 elementor-widget__width-initial elementor-widget elementor-widget-text-editor\" data-id=\"ad05d88\" data-element_type=\"widget\" data-widget_type=\"text-editor.default\">\n\t\t\t\t<div class=\"elementor-widget-container\">\n\t\t\t\t\t\t\t\t\t<p>Consultez notre liste de questions fr\u00e9quemment pos\u00e9es ci-dessous pour des r\u00e9ponses rapides et claires\u00a0:<\/p>\t\t\t\t\t\t\t\t<\/div>\n\t\t\t\t<\/div>\n\t\t\t\t\t<\/div>\n\t\t<\/div>\n\t\t\t\t\t<\/div>\n\t\t<\/section>\n\t\t<div class=\"elementor-element elementor-element-e013edb e-flex e-con-boxed e-con e-parent\" data-id=\"e013edb\" data-element_type=\"container\" data-settings=\"{&quot;_ha_eqh_enable&quot;:false}\">\n\t\t\t\t\t<div class=\"e-con-inner\">\n\t\t\t\t\t<\/div>\n\t\t\t\t<\/div>\n\t\t\t\t<\/div>","protected":false},"excerpt":{"rendered":"<p>contact Contactez-nous ZONES DE SERVICE D\u00c9COUVREZ LE MEILLEUR SERVICE DE TAXI \u00c0 QU\u00c9BEC ET AUX ENVIRONS ! pr\u00e9vot saint Sauveur Sainte Ad\u00e8le Mirabel Sainte Sophie Saint Hyppolite Saint Colomban Saint lin Laurentides Terrebonne Lachute Blainville Saint Calixte Sainte Anne des Plaines Sainte des lacs Milles-Isles Piedmont Val-David Val-morin Laval Saint-jacques Saint-Eustache Sainte-marguerite Available 24\/7info@taxibonjourquebec.com+1 (514) [&hellip;]<\/p>","protected":false},"author":1,"featured_media":0,"parent":0,"menu_order":0,"comment_status":"closed","ping_status":"closed","template":"","meta":{"footnotes":""},"class_list":["post-62","page","type-page","status-publish","hentry"],"blocksy_meta":[],"yoast_head":"<!-- This site is optimized with the Yoast SEO plugin v25.8 - https:\/\/yoast.com\/wordpress\/plugins\/seo\/ -->\n<title>Contactez-nous - tbsj.ca<\/title>\n<meta name=\"robots\" content=\"index, follow, max-snippet:-1, max-image-preview:large, max-video-preview:-1\" \/>\n<link rel=\"canonical\" href=\"https:\/\/tbsj.ca\/en\/contact-us\/\" \/>\n<meta property=\"og:locale\" content=\"en_US\" \/>\n<meta property=\"og:type\" content=\"article\" \/>\n<meta property=\"og:title\" content=\"Contactez-nous - tbsj.ca\" \/>\n<meta property=\"og:description\" content=\"contact Contactez-nous ZONES DE SERVICE D\u00c9COUVREZ LE MEILLEUR SERVICE DE TAXI \u00c0 QU\u00c9BEC ET AUX ENVIRONS ! pr\u00e9vot saint Sauveur Sainte Ad\u00e8le Mirabel Sainte Sophie Saint Hyppolite Saint Colomban Saint lin Laurentides Terrebonne Lachute Blainville Saint Calixte Sainte Anne des Plaines Sainte des lacs Milles-Isles Piedmont Val-David Val-morin Laval Saint-jacques Saint-Eustache Sainte-marguerite Available 24\/7info@taxibonjourquebec.com+1 (514) [&hellip;]\" \/>\n<meta property=\"og:url\" content=\"https:\/\/tbsj.ca\/en\/contact-us\/\" \/>\n<meta property=\"og:site_name\" content=\"tbsj.ca\" \/>\n<meta property=\"article:modified_time\" content=\"2024-09-06T20:42:01+00:00\" \/>\n<meta name=\"twitter:card\" content=\"summary_large_image\" \/>\n<meta name=\"twitter:label1\" content=\"Est. reading time\" \/>\n\t<meta name=\"twitter:data1\" content=\"2 minutes\" \/>\n<script type=\"application\/ld+json\" class=\"yoast-schema-graph\">{\"@context\":\"https:\/\/schema.org\",\"@graph\":[{\"@type\":\"WebPage\",\"@id\":\"https:\/\/tbsj.ca\/contact-us\/\",\"url\":\"https:\/\/tbsj.ca\/contact-us\/\",\"name\":\"Contactez-nous - tbsj.ca\",\"isPartOf\":{\"@id\":\"https:\/\/tbsj.ca\/#website\"},\"datePublished\":\"2024-08-19T15:22:15+00:00\",\"dateModified\":\"2024-09-06T20:42:01+00:00\",\"breadcrumb\":{\"@id\":\"https:\/\/tbsj.ca\/contact-us\/#breadcrumb\"},\"inLanguage\":\"en-CA\",\"potentialAction\":[{\"@type\":\"ReadAction\",\"target\":[\"https:\/\/tbsj.ca\/contact-us\/\"]}]},{\"@type\":\"BreadcrumbList\",\"@id\":\"https:\/\/tbsj.ca\/contact-us\/#breadcrumb\",\"itemListElement\":[{\"@type\":\"ListItem\",\"position\":1,\"name\":\"Home\",\"item\":\"https:\/\/tbsj.ca\/\"},{\"@type\":\"ListItem\",\"position\":2,\"name\":\"Contactez-nous\"}]},{\"@type\":\"WebSite\",\"@id\":\"https:\/\/tbsj.ca\/#website\",\"url\":\"https:\/\/tbsj.ca\/\",\"name\":\"tbsj.ca\",\"description\":\"tbsj.ca\",\"publisher\":{\"@id\":\"https:\/\/tbsj.ca\/#organization\"},\"potentialAction\":[{\"@type\":\"SearchAction\",\"target\":{\"@type\":\"EntryPoint\",\"urlTemplate\":\"https:\/\/tbsj.ca\/?s={search_term_string}\"},\"query-input\":{\"@type\":\"PropertyValueSpecification\",\"valueRequired\":true,\"valueName\":\"search_term_string\"}}],\"inLanguage\":\"en-CA\"},{\"@type\":\"Organization\",\"@id\":\"https:\/\/tbsj.ca\/#organization\",\"name\":\"tbsj.ca\",\"url\":\"https:\/\/tbsj.ca\/\",\"logo\":{\"@type\":\"ImageObject\",\"inLanguage\":\"en-CA\",\"@id\":\"https:\/\/tbsj.ca\/#\/schema\/logo\/image\/\",\"url\":\"https:\/\/tbsj.ca\/wp-content\/uploads\/2025\/05\/logo-bonjourGOLD-1.svg\",\"contentUrl\":\"https:\/\/tbsj.ca\/wp-content\/uploads\/2025\/05\/logo-bonjourGOLD-1.svg\",\"width\":2032,\"height\":1920,\"caption\":\"tbsj.ca\"},\"image\":{\"@id\":\"https:\/\/tbsj.ca\/#\/schema\/logo\/image\/\"}}]}<\/script>\n<!-- \/ Yoast SEO plugin. -->","yoast_head_json":{"title":"Contactez-nous - tbsj.ca","robots":{"index":"index","follow":"follow","max-snippet":"max-snippet:-1","max-image-preview":"max-image-preview:large","max-video-preview":"max-video-preview:-1"},"canonical":"https:\/\/tbsj.ca\/en\/contact-us\/","og_locale":"en_US","og_type":"article","og_title":"Contactez-nous - tbsj.ca","og_description":"contact Contactez-nous ZONES DE SERVICE D\u00c9COUVREZ LE MEILLEUR SERVICE DE TAXI \u00c0 QU\u00c9BEC ET AUX ENVIRONS ! pr\u00e9vot saint Sauveur Sainte Ad\u00e8le Mirabel Sainte Sophie Saint Hyppolite Saint Colomban Saint lin Laurentides Terrebonne Lachute Blainville Saint Calixte Sainte Anne des Plaines Sainte des lacs Milles-Isles Piedmont Val-David Val-morin Laval Saint-jacques Saint-Eustache Sainte-marguerite Available 24\/7info@taxibonjourquebec.com+1 (514) [&hellip;]","og_url":"https:\/\/tbsj.ca\/en\/contact-us\/","og_site_name":"tbsj.ca","article_modified_time":"2024-09-06T20:42:01+00:00","twitter_card":"summary_large_image","twitter_misc":{"Est. reading time":"2 minutes"},"schema":{"@context":"https:\/\/schema.org","@graph":[{"@type":"WebPage","@id":"https:\/\/tbsj.ca\/contact-us\/","url":"https:\/\/tbsj.ca\/contact-us\/","name":"Contactez-nous - tbsj.ca","isPartOf":{"@id":"https:\/\/tbsj.ca\/#website"},"datePublished":"2024-08-19T15:22:15+00:00","dateModified":"2024-09-06T20:42:01+00:00","breadcrumb":{"@id":"https:\/\/tbsj.ca\/contact-us\/#breadcrumb"},"inLanguage":"en-CA","potentialAction":[{"@type":"ReadAction","target":["https:\/\/tbsj.ca\/contact-us\/"]}]},{"@type":"BreadcrumbList","@id":"https:\/\/tbsj.ca\/contact-us\/#breadcrumb","itemListElement":[{"@type":"ListItem","position":1,"name":"Home","item":"https:\/\/tbsj.ca\/"},{"@type":"ListItem","position":2,"name":"Contactez-nous"}]},{"@type":"WebSite","@id":"https:\/\/tbsj.ca\/#website","url":"https:\/\/tbsj.ca\/","name":"tbsj.ca","description":"tbsj.ca","publisher":{"@id":"https:\/\/tbsj.ca\/#organization"},"potentialAction":[{"@type":"SearchAction","target":{"@type":"EntryPoint","urlTemplate":"https:\/\/tbsj.ca\/?s={search_term_string}"},"query-input":{"@type":"PropertyValueSpecification","valueRequired":true,"valueName":"search_term_string"}}],"inLanguage":"en-CA"},{"@type":"Organization","@id":"https:\/\/tbsj.ca\/#organization","name":"tbsj.ca","url":"https:\/\/tbsj.ca\/","logo":{"@type":"ImageObject","inLanguage":"en-CA","@id":"https:\/\/tbsj.ca\/#\/schema\/logo\/image\/","url":"https:\/\/tbsj.ca\/wp-content\/uploads\/2025\/05\/logo-bonjourGOLD-1.svg","contentUrl":"https:\/\/tbsj.ca\/wp-content\/uploads\/2025\/05\/logo-bonjourGOLD-1.svg","width":2032,"height":1920,"caption":"tbsj.ca"},"image":{"@id":"https:\/\/tbsj.ca\/#\/schema\/logo\/image\/"}}]}},"_links":{"self":[{"href":"https:\/\/tbsj.ca\/en\/wp-json\/wp\/v2\/pages\/62","targetHints":{"allow":["GET"]}}],"collection":[{"href":"https:\/\/tbsj.ca\/en\/wp-json\/wp\/v2\/pages"}],"about":[{"href":"https:\/\/tbsj.ca\/en\/wp-json\/wp\/v2\/types\/page"}],"author":[{"embeddable":true,"href":"https:\/\/tbsj.ca\/en\/wp-json\/wp\/v2\/users\/1"}],"replies":[{"embeddable":true,"href":"https:\/\/tbsj.ca\/en\/wp-json\/wp\/v2\/comments?post=62"}],"version-history":[{"count":53,"href":"https:\/\/tbsj.ca\/en\/wp-json\/wp\/v2\/pages\/62\/revisions"}],"predecessor-version":[{"id":791,"href":"https:\/\/tbsj.ca\/en\/wp-json\/wp\/v2\/pages\/62\/revisions\/791"}],"wp:attachment":[{"href":"https:\/\/tbsj.ca\/en\/wp-json\/wp\/v2\/media?parent=62"}],"curies":[{"name":"wp","href":"https:\/\/api.w.org\/{rel}","templated":true}]}}